{"id":1627,"date":"2022-11-17T15:22:53","date_gmt":"2022-11-17T14:22:53","guid":{"rendered":"http:\/\/www.digital-artist.info\/?page_id=1627&#038;lang=en"},"modified":"2023-04-25T15:58:42","modified_gmt":"2023-04-25T14:58:42","slug":"credits-2","status":"publish","type":"page","link":"https:\/\/www.digital-artist.info\/?page_id=1627","title":{"rendered":"Impressum"},"content":{"rendered":"<h2><!--:de--><em>Impressum<\/em><\/h2>\n<p>Innhaber der Webside:<br \/>\nRobert Lechl<br \/>\nArndtstr. 12<br \/>\n80469 M\u00fcnchen<br \/>\nUmstID: DE200172753<\/p>\n<p>Copyright<br \/>\nSoweit nicht anders angegeben liegen die Rechte beim Eigent\u00fcmer der Website. Ohne dessen Genehmigung ist eine kommerzielle Verwendung der auf der Website liegenden Dokumente untersagt! (Ausnahme bei entsprechend gekennzeichneten Dokumenten)<\/p>\n<p>Rechtliche und technische Hinweiss<br \/>\nDieses Internetangebot und alle darin enthaltenen Links sind nach bestem Wissen von mir erstellt worden. Ich bin stets darum bem\u00fcht die Richtigkeit und Aktualit\u00e4t dieser Seiten sicherzustellen. Alle Links sind aber lediglich als Informationsmaterial gedacht und nicht als gesch\u00e4ftliche, rechtliche oder sonstige Beratungsdienstleistung zu verstehen.<br \/>\nBei der Digitalisierung von Daten k\u00f6nnen Fehler auftreten. Durch die Verwendung unterschiedlicher Internet-Browser und bedingt durch individuelle Softwareeinstellungen kann es bei der Darstellung der Inhalte zu Abweichungen kommen.<\/p>\n<p>Bildnachweis und Urheberrecht<br \/>\nIch weise ausdr\u00fccklich auf die Verpflichtung zur Beachtung der Urheberrechte hin. Es ist untersagt, ohne weitere Absprachen mit dem Inhaber der Website, Bildmaterial zur weiteren Verwendung herunter zu laden. Hiervon ausgenommen sind alle als solche gekennzeichneten Download-Angebote. Diese d\u00fcrfen aber nur zur Betrachtung auf den Computer genutzt werden aber nicht zur Weiterverbreitetung oder Werbezwecken.<!--:--><!--:en--><em>Credits<\/em><\/p>\n<p><!--:--><\/p>\n","protected":false},"excerpt":{"rendered":"<p>Impressum Innhaber der Webside: Robert Lechl Arndtstr. 12 80469 M\u00fcnchen UmstID: DE200172753 Copyright Soweit nicht anders angegeben liegen die Rechte beim Eigent\u00fcmer der Website. Ohne dessen Genehmigung ist eine kommerzielle Verwendung der auf der Website liegenden Dokumente untersagt! (Ausnahme bei entsprechend gekennzeichneten Dokumenten) Rechtliche und technische Hinweiss Dieses Internetangebot und alle darin enthaltenen Links sind [&hellip;]<\/p>\n","protected":false},"author":1,"featured_media":0,"parent":0,"menu_order":0,"comment_status":"closed","ping_status":"closed","template":"","meta":{"footnotes":""},"class_list":["post-1627","page","type-page","status-publish","hentry"],"_links":{"self":[{"href":"https:\/\/www.digital-artist.info\/index.php?rest_route=\/wp\/v2\/pages\/1627","targetHints":{"allow":["GET"]}}],"collection":[{"href":"https:\/\/www.digital-artist.info\/index.php?rest_route=\/wp\/v2\/pages"}],"about":[{"href":"https:\/\/www.digital-artist.info\/index.php?rest_route=\/wp\/v2\/types\/page"}],"author":[{"embeddable":true,"href":"https:\/\/www.digital-artist.info\/index.php?rest_route=\/wp\/v2\/users\/1"}],"replies":[{"embeddable":true,"href":"https:\/\/www.digital-artist.info\/index.php?rest_route=%2Fwp%2Fv2%2Fcomments&post=1627"}],"version-history":[{"count":5,"href":"https:\/\/www.digital-artist.info\/index.php?rest_route=\/wp\/v2\/pages\/1627\/revisions"}],"predecessor-version":[{"id":1991,"href":"https:\/\/www.digital-artist.info\/index.php?rest_route=\/wp\/v2\/pages\/1627\/revisions\/1991"}],"wp:attachment":[{"href":"https:\/\/www.digital-artist.info\/index.php?rest_route=%2Fwp%2Fv2%2Fmedia&parent=1627"}],"curies":[{"name":"wp","href":"https:\/\/api.w.org\/{rel}","templated":true}]}}